{"id":4160,"date":"2024-06-27T14:03:34","date_gmt":"2024-06-27T12:03:34","guid":{"rendered":"https:\/\/new-york.diplomatie.gov.bf\/?page_id=4160"},"modified":"2024-10-05T14:18:07","modified_gmt":"2024-10-05T12:18:07","slug":"le-chef-de-poste","status":"publish","type":"page","link":"https:\/\/new-york.diplomatie.gov.bf\/index.php\/le-chef-de-poste\/","title":{"rendered":"Le chef de poste"},"content":{"rendered":"\t\t<div data-elementor-type=\"wp-page\" data-elementor-id=\"4160\" class=\"elementor elementor-4160\" data-elementor-post-type=\"page\">\n\t\t\t\t<div data-particle_enable=\"false\" data-particle-mobile-disabled=\"false\" class=\"elementor-element elementor-element-3e4e0591 e-flex e-con-boxed e-con e-parent\" data-id=\"3e4e0591\" data-element_type=\"container\" data-e-type=\"container\">\n\t\t\t\t\t<div class=\"e-con-inner\">\n\t\t<div data-particle_enable=\"false\" data-particle-mobile-disabled=\"false\" class=\"elementor-element elementor-element-9082f2a e-con-full e-flex e-con e-child\" data-id=\"9082f2a\" data-element_type=\"container\" data-e-type=\"container\">\n\t\t\t\t<div class=\"elementor-element elementor-element-2538e12f elementor-widget elementor-widget-theme-post-featured-image elementor-widget-image\" data-id=\"2538e12f\" data-element_type=\"widget\" data-e-type=\"widget\" data-widget_type=\"theme-post-featured-image.default\">\n\t\t\t\t<div class=\"elementor-widget-container\">\n\t\t\t\t\t\t\t\t\t\t\t\t\t\t\t<img fetchpriority=\"high\" decoding=\"async\" width=\"224\" height=\"300\" src=\"https:\/\/new-york.diplomatie.gov.bf\/wp-content\/uploads\/sites\/20\/2024\/10\/Image1.jpg\" class=\"attachment-medium size-medium wp-image-5006\" alt=\"\" \/>\t\t\t\t\t\t\t\t\t\t\t\t\t\t\t<\/div>\n\t\t\t\t<\/div>\n\t\t\t\t<div class=\"elementor-element elementor-element-70c81965 elementor-widget elementor-widget-heading\" data-id=\"70c81965\" data-element_type=\"widget\" data-e-type=\"widget\" data-widget_type=\"heading.default\">\n\t\t\t\t<div class=\"elementor-widget-container\">\n\t\t\t\t\t<h2 class=\"elementor-heading-title elementor-size-default\">Madame SEGDA GANGO Estelle P\u00e9lagie Passamouindin<\/h2>\t\t\t\t<\/div>\n\t\t\t\t<\/div>\n\t\t\t\t<div class=\"elementor-element elementor-element-6b912ae0 elementor-widget elementor-widget-heading\" data-id=\"6b912ae0\" data-element_type=\"widget\" data-e-type=\"widget\" data-widget_type=\"heading.default\">\n\t\t\t\t<div class=\"elementor-widget-container\">\n\t\t\t\t\t<h2 class=\"elementor-heading-title elementor-size-default\">Consule G\u00e9n\u00e9ral du Burkina Faso \u00e0 New York<\/h2>\t\t\t\t<\/div>\n\t\t\t\t<\/div>\n\t\t\t\t<\/div>\n\t\t\t\t<div class=\"elementor-element elementor-element-7cca8e00 eael-divider-center elementor-widget elementor-widget-eael-divider\" data-id=\"7cca8e00\" data-element_type=\"widget\" data-e-type=\"widget\" data-widget_type=\"eael-divider.default\">\n\t\t\t\t<div class=\"elementor-widget-container\">\n\t\t\t\t\t\t\t<div class=\"eael-divider-wrap divider-direction-vertical\">\n\t\t\t\t\t\t\t<div class=\"divider-text-container\">\n\t\t\t\t\t<div class=\"divider-text-wrap\">\n\t\t\t\t\t\t\t\t\t\t\t\t\t<span class=\"divider-border-wrap divider-border-left\">\n\t\t\t\t\t\t\t\t<span class=\"divider-border\"><\/span>\n\t\t\t\t\t\t\t<\/span>\n\t\t\t\t\t\t\t\t\t\t\t\t<span class=\"eael-divider-content\">\n\t\t\t\t\t\t\t\t\t\t\t\t\t\t\t<span class=\"eael-divider-icon\">\n\t\t\t\t\t\t\t\t\t\t\t\t\t\t\t\t\t\t\t<svg aria-hidden=\"false\" class=\"e-font-icon-svg e-fas-star\" viewBox=\"0 0 576 512\" xmlns=\"http:\/\/www.w3.org\/2000\/svg\"><path d=\"M259.3 17.8L194 150.2 47.9 171.5c-26.2 3.8-36.7 36.1-17.7 54.6l105.7 103-25 145.5c-4.5 26.3 23.2 46 46.4 33.7L288 439.6l130.7 68.7c23.2 12.2 50.9-7.4 46.4-33.7l-25-145.5 105.7-103c19-18.5 8.5-50.8-17.7-54.6L382 150.2 316.7 17.8c-11.7-23.6-45.6-23.9-57.4 0z\"><\/path><\/svg>\t\t\t\t\t\t\t\t\t\t\t\t\t\t\t\t\t<\/span>\n\t\t\t\t\t\t\t\t\t\t\t\t\t<\/span>\n\t\t\t\t\t\t\t\t\t\t\t\t\t<span class=\"divider-border-wrap divider-border-right\">\n\t\t\t\t\t\t\t\t<span class=\"divider-border\"><\/span>\n\t\t\t\t\t\t\t<\/span>\n\t\t\t\t\t\t\t\t\t\t\t<\/div>\n\t\t\t\t<\/div>\n\t\t\t\t\t<\/div>\n\t\t\t\t<\/div>\n\t\t\t\t<\/div>\n\t\t<div data-particle_enable=\"false\" data-particle-mobile-disabled=\"false\" class=\"elementor-element elementor-element-7a856fea e-con-full e-flex e-con e-child\" data-id=\"7a856fea\" data-element_type=\"container\" data-e-type=\"container\">\n\t\t\t\t<div class=\"elementor-element elementor-element-492612fa elementor-widget elementor-widget-text-editor\" data-id=\"492612fa\" data-element_type=\"widget\" data-e-type=\"widget\" data-widget_type=\"text-editor.default\">\n\t\t\t\t<div class=\"elementor-widget-container\">\n\t\t\t\t\t\t\t\t\t<p><strong>Diplomate<\/strong> de Carri\u00e8re, <strong>Madame SEGDA GANGO Estelle P\u00e9lagie Passamouindi<\/strong>n a int\u00e9gr\u00e9 le corps des Conseillers des Affaires Etrang\u00e8res en 2006. Elle a occup\u00e9 les postes de <strong>Secr\u00e9taire Permanente de la Commission Nationale de l\u2019Int\u00e9gration SP\/CNI<\/strong>, <strong>Premier Conseiller \u00e0 l\u2019Ambassade du Burkina Faso \u00e0 Bamako en r\u00e9publique du Mali, Directrice du Courrier et de la Valise Diplomatique<\/strong> au Minist\u00e8re des Affaires Etrang\u00e8res, de la Coop\u00e9ration et des Burkinab\u00e8 de l\u2019Ext\u00e9rieure avant d\u2019\u00eatre nomm\u00e9e <strong>Consul g\u00e9n\u00e9ral du Burkina Faso \u00e0 New York<\/strong>.<\/p>\t\t\t\t\t\t\t\t<\/div>\n\t\t\t\t<\/div>\n\t\t\t\t<\/div>\n\t\t\t\t<div class=\"elementor-element elementor-element-57010b38 elementor-absolute elementor-widget elementor-widget-image\" data-id=\"57010b38\" data-element_type=\"widget\" data-e-type=\"widget\" data-settings=\"{&quot;_position&quot;:&quot;absolute&quot;}\" data-widget_type=\"image.default\">\n\t\t\t\t<div class=\"elementor-widget-container\">\n\t\t\t\t\t\t\t\t\t\t\t\t\t\t\t<img decoding=\"async\" width=\"657\" height=\"332\" src=\"https:\/\/new-york.diplomatie.gov.bf\/wp-content\/uploads\/sites\/20\/2024\/09\/h4_about_shape01.png\" class=\"attachment-full size-full wp-image-4653\" alt=\"\" srcset=\"https:\/\/new-york.diplomatie.gov.bf\/wp-content\/uploads\/sites\/20\/2024\/09\/h4_about_shape01.png 657w, https:\/\/new-york.diplomatie.gov.bf\/wp-content\/uploads\/sites\/20\/2024\/09\/h4_about_shape01-300x152.png 300w\" sizes=\"(max-width: 657px) 100vw, 657px\" \/>\t\t\t\t\t\t\t\t\t\t\t\t\t\t\t<\/div>\n\t\t\t\t<\/div>\n\t\t\t\t\t<\/div>\n\t\t\t\t<\/div>\n\t\t\t\t<\/div>\n\t\t","protected":false},"excerpt":{"rendered":"<p>Madame SEGDA GANGO Estelle P\u00e9lagie Passamouindin Consule G\u00e9n\u00e9ral du Burkina Faso \u00e0 New York Diplomate de Carri\u00e8re, Madame SEGDA GANGO Estelle P\u00e9lagie Passamouindin a int\u00e9gr\u00e9 le corps des Conseillers des Affaires Etrang\u00e8res en 2006. Elle a occup\u00e9 les postes de Secr\u00e9taire Permanente de la Commission Nationale de l\u2019Int\u00e9gration SP\/CNI, Premier Conseiller \u00e0 l\u2019Ambassade du Burkina [&hellip;]<\/p>\n","protected":false},"author":4,"featured_media":0,"parent":0,"menu_order":0,"comment_status":"closed","ping_status":"closed","template":"elementor_header_footer","meta":{"_acf_changed":false,"_monsterinsights_skip_tracking":false,"_monsterinsights_sitenote_active":false,"_monsterinsights_sitenote_note":"","_monsterinsights_sitenote_category":0,"footnotes":""},"class_list":["post-4160","page","type-page","status-publish","hentry"],"acf":[],"_links":{"self":[{"href":"https:\/\/new-york.diplomatie.gov.bf\/index.php\/wp-json\/wp\/v2\/pages\/4160","targetHints":{"allow":["GET"]}}],"collection":[{"href":"https:\/\/new-york.diplomatie.gov.bf\/index.php\/wp-json\/wp\/v2\/pages"}],"about":[{"href":"https:\/\/new-york.diplomatie.gov.bf\/index.php\/wp-json\/wp\/v2\/types\/page"}],"author":[{"embeddable":true,"href":"https:\/\/new-york.diplomatie.gov.bf\/index.php\/wp-json\/wp\/v2\/users\/4"}],"replies":[{"embeddable":true,"href":"https:\/\/new-york.diplomatie.gov.bf\/index.php\/wp-json\/wp\/v2\/comments?post=4160"}],"version-history":[{"count":172,"href":"https:\/\/new-york.diplomatie.gov.bf\/index.php\/wp-json\/wp\/v2\/pages\/4160\/revisions"}],"predecessor-version":[{"id":5019,"href":"https:\/\/new-york.diplomatie.gov.bf\/index.php\/wp-json\/wp\/v2\/pages\/4160\/revisions\/5019"}],"wp:attachment":[{"href":"https:\/\/new-york.diplomatie.gov.bf\/index.php\/wp-json\/wp\/v2\/media?parent=4160"}],"curies":[{"name":"wp","href":"https:\/\/api.w.org\/{rel}","templated":true}]}}